{"id":1445,"date":"2020-07-30T09:46:46","date_gmt":"2020-07-30T07:46:46","guid":{"rendered":"https:\/\/www.maltatal.com\/?page_id=1445"},"modified":"2022-12-07T10:34:52","modified_gmt":"2022-12-07T09:34:52","slug":"mountain-experience-weeks","status":"publish","type":"page","link":"https:\/\/www.maltatal.com\/en\/mountain-experience-weeks\/","title":{"rendered":"Offer &#8211; Mountain Experience Weeks"},"content":{"rendered":"<div class=\"dp-container full-width slider-block\" style=\"\">\n                <div class=\"grid-container dp-container-inner full-width\" >\n                    <div class=\"grid-x grid-margin-x \">\n                        \n<div class=\"cell dp-col\" style=\"\">\n                        \n\n\t\t\t<!-- START Angebote Sommer REVOLUTION SLIDER 6.7.38 --><p class=\"rs-p-wp-fix\"><\/p>\n\t\t\t<rs-module-wrap id=\"rev_slider_44_1_wrapper\" data-source=\"gallery\" style=\"visibility:hidden;background:transparent;padding:0;margin:0px auto;margin-top:0;margin-bottom:0;\">\n\t\t\t\t<rs-module id=\"rev_slider_44_1\" style=\"\" data-version=\"6.7.38\">\n\t\t\t\t\t<rs-slides style=\"overflow: hidden; position: absolute;\">\n\t\t\t\t\t\t<rs-slide style=\"position: absolute;\" data-key=\"rs-63\" data-title=\"Slide\" data-anim=\"adpr:false;\" data-in=\"o:0;\" data-out=\"a:false;\">\n\t\t\t\t\t\t\t<img decoding=\"async\" src=\"\/\/www.maltatal.com\/wp-content\/plugins\/revslider\/sr6\/assets\/assets\/dummy.png\" alt=\"\" title=\"maltatal-slider\" width=\"1600\" height=\"900\" class=\"rev-slidebg tp-rs-img rs-lazyload\" data-lazyload=\"\/\/www.maltatal.com\/wp-content\/uploads\/maltatal-slider-1600x900.jpg\" data-no-retina>\n<!--\n\t\t\t\t\t\t\t--><rs-layer\n\t\t\t\t\t\t\t\tid=\"slider-44-slide-63-layer-0\" \n\t\t\t\t\t\t\t\tclass=\"malta-layer malta-layer\"\n\t\t\t\t\t\t\t\tdata-type=\"text\"\n\t\t\t\t\t\t\t\tdata-color=\"#ffffff\"\n\t\t\t\t\t\t\t\tdata-tsh=\"c:rgba(0,0,0,0.5);h:2px;v:2px;b:4px;\"\n\t\t\t\t\t\t\t\tdata-rsp_ch=\"on\"\n\t\t\t\t\t\t\t\tdata-xy=\"x:c;y:c;\"\n\t\t\t\t\t\t\t\tdata-text=\"s:180;l:30;a:inherit;\"\n\t\t\t\t\t\t\t\tdata-frame_0=\"y:-50px;\"\n\t\t\t\t\t\t\t\tdata-frame_1=\"sp:3000;\"\n\t\t\t\t\t\t\t\tdata-frame_999=\"o:0;st:w;sR:6000;\"\n\t\t\t\t\t\t\t\tstyle=\"z-index:6;font-family:'Caveat Brush';\"\n\t\t\t\t\t\t\t>Maltatal\n \n\t\t\t\t\t\t\t<\/rs-layer><!--\n\n\t\t\t\t\t\t\t--><rs-layer\n\t\t\t\t\t\t\t\tid=\"slider-44-slide-63-layer-2\" \n\t\t\t\t\t\t\t\tdata-type=\"text\"\n\t\t\t\t\t\t\t\tdata-color=\"#ffffff\"\n\t\t\t\t\t\t\t\tdata-tsh=\"c:rgba(0,0,0,0.5);h:2px;v:2px;b:4px;\"\n\t\t\t\t\t\t\t\tdata-rsp_ch=\"on\"\n\t\t\t\t\t\t\t\tdata-xy=\"x:457px;y:471px;\"\n\t\t\t\t\t\t\t\tdata-text=\"s:50;l:22;a:inherit;\"\n\t\t\t\t\t\t\t\tdata-frame_0=\"x:-50px;\"\n\t\t\t\t\t\t\t\tdata-frame_1=\"sp:3000;\"\n\t\t\t\t\t\t\t\tdata-frame_999=\"o:0;st:w;sR:6000;\"\n\t\t\t\t\t\t\t\tstyle=\"z-index:7;font-family:'Caveat Brush';\"\n\t\t\t\t\t\t\t>- Pur,  \n\t\t\t\t\t\t\t<\/rs-layer><!--\n\n\t\t\t\t\t\t\t--><rs-layer\n\t\t\t\t\t\t\t\tid=\"slider-44-slide-63-layer-6\" \n\t\t\t\t\t\t\t\tdata-type=\"text\"\n\t\t\t\t\t\t\t\tdata-color=\"#ffffff\"\n\t\t\t\t\t\t\t\tdata-tsh=\"c:rgba(0,0,0,0.5);h:2px;v:2px;b:4px;\"\n\t\t\t\t\t\t\t\tdata-rsp_ch=\"on\"\n\t\t\t\t\t\t\t\tdata-xy=\"x:c;y:470px;\"\n\t\t\t\t\t\t\t\tdata-text=\"s:50;l:22;a:inherit;\"\n\t\t\t\t\t\t\t\tdata-frame_0=\"y:-50px;\"\n\t\t\t\t\t\t\t\tdata-frame_1=\"sp:3000;\"\n\t\t\t\t\t\t\t\tdata-frame_999=\"o:0;st:w;sR:6000;\"\n\t\t\t\t\t\t\t\tstyle=\"z-index:8;font-family:'Caveat Brush';\"\n\t\t\t\t\t\t\t>Real &  \n\t\t\t\t\t\t\t<\/rs-layer><!--\n\n\t\t\t\t\t\t\t--><rs-layer\n\t\t\t\t\t\t\t\tid=\"slider-44-slide-63-layer-7\" \n\t\t\t\t\t\t\t\tdata-type=\"text\"\n\t\t\t\t\t\t\t\tdata-color=\"#ffffff\"\n\t\t\t\t\t\t\t\tdata-tsh=\"c:rgba(0,0,0,0.5);h:2px;v:2px;b:4px;\"\n\t\t\t\t\t\t\t\tdata-rsp_ch=\"on\"\n\t\t\t\t\t\t\t\tdata-xy=\"x:683px;y:471px;\"\n\t\t\t\t\t\t\t\tdata-text=\"s:50;l:22;a:inherit;\"\n\t\t\t\t\t\t\t\tdata-frame_0=\"x:50px;\"\n\t\t\t\t\t\t\t\tdata-frame_1=\"sp:3000;\"\n\t\t\t\t\t\t\t\tdata-frame_999=\"o:0;st:w;sR:6000;\"\n\t\t\t\t\t\t\t\tstyle=\"z-index:9;font-family:'Caveat Brush';\"\n\t\t\t\t\t\t\t>Active - \n\t\t\t\t\t\t\t<\/rs-layer><!--\n-->\t\t\t\t\t<\/rs-slide>\n\t\t\t\t\t<\/rs-slides>\n\t\t\t\t<\/rs-module>\n\t\t\t\t<script>\n\t\t\t\t\tsetREVStartSize({c: 'rev_slider_44_1',rl:[1240,1024,778,480],el:[720],gw:[1240],gh:[720],type:'standard',justify:'',layout:'fullwidth',mh:\"0\"});if (window.RS_MODULES!==undefined && window.RS_MODULES.modules!==undefined && window.RS_MODULES.modules[\"revslider441\"]!==undefined) {window.RS_MODULES.modules[\"revslider441\"].once = false;window.revapi44 = undefined;if (window.RS_MODULES.checkMinimal!==undefined) window.RS_MODULES.checkMinimal()}\n\t\t\t\t<\/script>\n\t\t\t<\/rs-module-wrap>\n\t\t\t<!-- END REVOLUTION SLIDER -->\n\n\n\n                    <\/div>\n\n                    <\/div>\n                <\/div>\n            <\/div>\n\n<div class=\"dp-container medium-width\" style=\"padding-top:10%;padding-bottom:3%;\" data-ptl=\"10%\" data-pbl=\"3%\">\n                <div class=\"grid-container dp-container-inner full-width\" >\n                    <div class=\"grid-x grid-margin-x \">\n                        \n<div class=\"cell dp-col\" style=\"\">\n                        \n<header class=\"entry-header\"><h1 class=\"entry-title\" itemprop=\"headline\">Mountain Experience Weeks<span>Summer season 2020<\/span><\/h1><\/header>\n\n                    <\/div>\n\n                    <\/div>\n                <\/div>\n            <\/div>\n\n<div class=\"dp-container medium-width\" style=\"padding-bottom:3%;\" data-pbl=\"3%\">\n                <div class=\"grid-container dp-container-inner full-width\" >\n                    <div class=\"grid-x grid-margin-x \">\n                        \n<div class=\"cell medium-6 dp-col\" style=\"\">\n                        \n\n<figure class=\"wp-block-image\"><a href=\"https:\/\/www.maltatal.com\/wp-content\/uploads\/maltatal-hubertus-sommer.jpg\"><img decoding=\"async\" width=\"1024\" height=\"683\" src=\"https:\/\/www.maltatal.com\/wp-content\/uploads\/\/maltatal-hubertus-sommer-1024x683.jpg\" alt=\"Maltatal - Gasthaus Hubertus Sommer\" class=\"wp-image-769\" srcset=\"https:\/\/www.maltatal.com\/wp-content\/uploads\/maltatal-hubertus-sommer-1024x683.jpg 1024w, https:\/\/www.maltatal.com\/wp-content\/uploads\/maltatal-hubertus-sommer-300x200.jpg 300w, https:\/\/www.maltatal.com\/wp-content\/uploads\/maltatal-hubertus-sommer-768x512.jpg 768w, https:\/\/www.maltatal.com\/wp-content\/uploads\/maltatal-hubertus-sommer-570x380.jpg 570w, https:\/\/www.maltatal.com\/wp-content\/uploads\/maltatal-hubertus-sommer.jpg 1920w\" sizes=\"(max-width: 1024px) 100vw, 1024px\" \/><\/a><\/figure>\n\n\n                    <\/div>\n\n<div class=\"cell medium-6 dp-col\" style=\"padding-top:20px;padding-bottom:20px;\">\n                        \n\n<p>7 nights in the guesthouse Hubertus in a double room with shower, WC, Sat-TV, incl. breakfast, optional half board.<\/p>\n\n\n\n<p>Price\/person: <strong>from \u20ac 399,- <\/strong>(overnight stay\/breakfast), half board on request<\/p>\n\n\n\n<p>Prices incl. VAT, plus local tax, offer based on double room &#8220;Comfort&#8221; bookable from mid-June to end of September 2020, mountain experience programme (programme subject to change).<\/p>\n\n\n                    <\/div>\n\n                    <\/div>\n                <\/div>\n            <\/div>\n\n<div class=\"dp-container medium-width\" style=\"padding-bottom:5%;\" data-pbl=\"5%\">\n                <div class=\"grid-container dp-container-inner full-width\" >\n                    <div class=\"grid-x grid-margin-x \">\n                        \n<div class=\"cell dp-col\" style=\"\">\n                        \n\n<p class=\"has-text-align-center\">Canyoning on the G\u00f6\u00df: The G\u00f6\u00df gorge near the G\u00f6\u00df falls in the Maltatal is one of the most beautiful canyoning routes in Carinthia. The gorge is mastered by walking, swimming, abseiling and jumping. &#8211; A special kind of nature sport experience, guided by our partners Alpinsport Koller. <\/p>\n\n\n                    <\/div>\n\n                    <\/div>\n                <\/div>\n            <\/div>\n\n<div class=\"dp-container medium-width\" style=\"\">\n                <div class=\"grid-container dp-container-inner full-width\" >\n                    <div class=\"grid-x grid-margin-x \">\n                        \n<div class=\"cell medium-6 dp-col\" style=\"\">\n                        \n\n<h2 class=\"wp-block-heading\">Included services<\/h2>\n\n\n\n<ul class=\"wp-block-list\">\n<li>1 x guided hiking tour<\/li>\n\n\n\n<li>1 x Taster climbing in the Kreuzwand climbing garden, guided by our partner Alpinsport Koller<\/li>\n\n\n\n<li>1 x Canyoning on the G\u00f6\u00df<\/li>\n\n\n\n<li>1 x rental bikes: Explore the Maltatal on the most beautiful cycle path in Carinthia<\/li>\n\n\n\n<li>1 x visit to the artists&#8217; town of Gm\u00fcnd<\/li>\n<\/ul>\n\n\n\n<p>Special equipment included in the price!<\/p>\n\n\n                    <\/div>\n\n<div class=\"cell medium-6 dp-col\" style=\"\">\n                        \n\n<h2 class=\"wp-block-heading\">Contact<\/h2>\n\n\n\n<p><strong>G\u00e4stehaus Hubertus<\/strong><br><strong>Gerhild und Klaus R\u00fcscher<\/strong><br>9854 Malta 26<\/p>\n\n\n\n<p>Phone: <a href=\"tel:+434733286\">0043 (0) 4733 286<\/a><br><a aria-label=\" (\u00f6ffnet in neuem Tab)\" href=\"mailto:info@gaestehaushubertus.at\">info@gaestehaushubertus.at<\/a><br><a rel=\"noreferrer noopener\" aria-label=\" (\u00f6ffnet in neuem Tab)\" href=\"http:\/\/www.gaestehaushubertus.at\/\" target=\"_blank\">www.gaestehaushubertus.at<\/a><br><a rel=\"noreferrer noopener\" aria-label=\" (\u00f6ffnet in neuem Tab)\" href=\"http:\/\/www.facebook.com\/gaestehaushubertus\" target=\"_blank\">www.facebook.com\/gaestehaushubertus<\/a><\/p>\n\n\n                    <\/div>\n\n                    <\/div>\n                <\/div>\n            <\/div>\n\n<div class=\"dp-container medium-width\" style=\"padding-top:4%;\" data-ptl=\"4%\">\n                <div class=\"grid-container dp-container-inner full-width\" >\n                    <div class=\"grid-x grid-margin-x \">\n                        \n<div class=\"cell dp-col\" style=\"\">\n                        \n\n<div class=\"wp-block-button alignleft malta-button weiter center\"><a class=\"wp-block-button__link wp-element-button\" href=\"https:\/\/www.maltatal.com\/#angebote\">to the overwiew<\/a><\/div>\n\n\n                    <\/div>\n\n                    <\/div>\n                <\/div>\n            <\/div>","protected":false},"excerpt":{"rendered":"","protected":false},"author":2,"featured_media":770,"parent":0,"menu_order":12,"comment_status":"closed","ping_status":"closed","template":"","meta":{"_genesis_hide_title":false,"_genesis_hide_breadcrumbs":false,"_genesis_hide_singular_image":false,"_genesis_hide_footer_widgets":false,"_genesis_custom_body_class":"","_genesis_custom_post_class":"","_genesis_layout":"","footnotes":""},"class_list":{"0":"post-1445","1":"page","2":"type-page","3":"status-publish","4":"has-post-thumbnail","6":"entry"},"_links":{"self":[{"href":"https:\/\/www.maltatal.com\/en\/wp-json\/wp\/v2\/pages\/1445","targetHints":{"allow":["GET"]}}],"collection":[{"href":"https:\/\/www.maltatal.com\/en\/wp-json\/wp\/v2\/pages"}],"about":[{"href":"https:\/\/www.maltatal.com\/en\/wp-json\/wp\/v2\/types\/page"}],"author":[{"embeddable":true,"href":"https:\/\/www.maltatal.com\/en\/wp-json\/wp\/v2\/users\/2"}],"replies":[{"embeddable":true,"href":"https:\/\/www.maltatal.com\/en\/wp-json\/wp\/v2\/comments?post=1445"}],"version-history":[{"count":7,"href":"https:\/\/www.maltatal.com\/en\/wp-json\/wp\/v2\/pages\/1445\/revisions"}],"predecessor-version":[{"id":2349,"href":"https:\/\/www.maltatal.com\/en\/wp-json\/wp\/v2\/pages\/1445\/revisions\/2349"}],"wp:featuredmedia":[{"embeddable":true,"href":"https:\/\/www.maltatal.com\/en\/wp-json\/wp\/v2\/media\/770"}],"wp:attachment":[{"href":"https:\/\/www.maltatal.com\/en\/wp-json\/wp\/v2\/media?parent=1445"}],"curies":[{"name":"wp","href":"https:\/\/api.w.org\/{rel}","templated":true}]}}