{"id":2884,"date":"2023-09-27T11:48:25","date_gmt":"2023-09-27T09:48:25","guid":{"rendered":"https:\/\/www.maltatal.com\/?page_id=2884"},"modified":"2026-04-13T13:34:04","modified_gmt":"2026-04-13T11:34:04","slug":"advent","status":"publish","type":"page","link":"https:\/\/www.maltatal.com\/en\/wintertime-in-the-maltatal\/advent\/","title":{"rendered":"Advent"},"content":{"rendered":"<div class=\"dp-container medium-width\" style=\"\">\n                <div class=\"grid-container dp-container-inner full-width\" >\n                    <div class=\"grid-x grid-margin-x \">\n                        \n<div class=\"cell dp-col\" style=\"\">\n                        \n\n\t\t\t\t<p class=\"rs-p-wp-fix\"><\/p>\n\t\t\t\t<sr7-module data-alias=\"advent\" data-id=\"47\" id=\"SR7_47_1\" class=\"rs-ov-hidden\" data-version=\"6.7.54\">\n\t\t\t\t\t<sr7-adjuster><\/sr7-adjuster>\n\t\t\t\t\t<sr7-content>\n\t\t\t\t\t\t<sr7-slide id=\"SR7_47_1-56\" data-key=\"56\">\n\t\t\t\t\t\t\t<sr7-bg id=\"SR7_47_1-56-8\" class=\"sr7-layer\"><noscript><img decoding=\"async\" src=\"https:\/\/www.maltatal.com\/wp-content\/uploads\/maltatal-advent-3.jpg\" alt=\"Steg zur Gossfall Grippe\" title=\"Steg zur Gossfall Grippe\"><\/noscript><\/sr7-bg>\n\t\t\t\t\t\t\t<sr7-txt id=\"SR7_47_1-56-0\" class=\"sr7-layer\">Maltatal\n<\/sr7-txt>\n\t\t\t\t\t\t\t<sr7-txt id=\"SR7_47_1-56-2\" class=\"sr7-layer\">- Pur, <\/sr7-txt>\n\t\t\t\t\t\t\t<sr7-txt id=\"SR7_47_1-56-6\" class=\"sr7-layer\">Real & <\/sr7-txt>\n\t\t\t\t\t\t\t<sr7-txt id=\"SR7_47_1-56-7\" class=\"sr7-layer\">Active -<\/sr7-txt>\n\t\t\t\t\t\t<\/sr7-slide>\n\t\t\t\t\t\t<sr7-slide id=\"SR7_47_1-81\" data-key=\"81\">\n\t\t\t\t\t\t<\/sr7-slide>\n\t\t\t\t\t<\/sr7-content>\n\t\t\t\t\t<image_lists style=\"display:none\">\n\t\t\t\t\t\t<img data-src=\"\/\/www.maltatal.com\/wp-content\/uploads\/maltatal-advent-3.jpg\" data-libid=\"2829\" data-lib=\"medialibrary\" alt=\"Steg zur Gossfall Grippe\" title=\"Steg zur Gossfall Grippe\" width=\"0\" height=\"0\" data-dbsrc=\"Ly93d3cubWFsdGF0YWwuY29tL3dwLWNvbnRlbnQvdXBsb2Fkcy9tYWx0YXRhbC1hZHZlbnQtMy5qcGc=\"\/>\n\t\t\t\t\t<\/image_lists>\n\t\t\t\t<\/sr7-module>\n\t\t\t\t<script>\n\t\t\t\t\twindow.SR7 ??={};SR7.PMH ??={}; SR7.PMH[\"SR7_47_1\"] = {cn:100,state:false,fn: function() { if (window._tpt!==undefined && window._tpt.prepareModuleHeight !== undefined) {  _tpt.prepareModuleHeight({id:\"SR7_47_1\",el:[720,720,768,960,720],type:'standard',shdw:'0',gh:[720,720,595,452,279],gw:[1240,1240,1024,778,480],vpt:['100px'],size:{fullWidth:true, fullHeight:false},mh:'0',onh:0,onw:0,bg:{color:'{\"orig\":\"transparent\",\"type\":\"solid\",\"string\":\"transparent\"}'},plType:'0',plColor:'#FFFFFF'});   SR7.PMH[\"SR7_47_1\"].state=true;} else if(SR7.PMH[\"SR7_47_1\"].cn-->0)\tsetTimeout( SR7.PMH[\"SR7_47_1\"].fn,19);}};SR7.PMH[\"SR7_47_1\" ].fn();\n\t\t\t\t<\/script>\n\n\n\n                    <\/div>\n\n                    <\/div>\n                <\/div>\n            <\/div>\n\n<div class=\"dp-container medium-width\" style=\"padding-top:6%;padding-bottom:2%;\" data-ptl=\"6%\" data-pbl=\"2%\">\n                <div class=\"grid-container dp-container-inner full-width\" >\n                    <div class=\"grid-x grid-margin-x \">\n                        \n<div class=\"cell dp-col\" style=\"\">\n                        \n<h2 class=\"dp-header\">Advent<span>Advent magic at the G\u00f6ss Falls <\/span><\/h2>\n\n                    <\/div>\n\n                    <\/div>\n                <\/div>\n            <\/div>\n\n<div class=\"dp-container medium-width\" style=\"\">\n                <div class=\"grid-container dp-container-inner full-width\" >\n                    <div class=\"grid-x grid-margin-x \">\n                        \n<div class=\"cell dp-col\" style=\"\">\n                        \n\n<p class=\"has-text-align-center\">Illuminated Advent path to the first G\u00f6ssfall with Christmas cot designed by Klaus M\u00f6lzer, wood artist from Gm\u00fcnd. A <strong>unique, beautiful view<\/strong> with soft lighting of the impressive natural scenery with waterfall.<\/p>\n\n\n\n<p class=\"has-text-align-center\">The lower course of the G\u00f6\u00dfbach forms a <strong>wildly romantic granite gorg<\/strong>e with gushing waterfalls, crowned rock slabs and crystal-clear pools.<\/p>\n\n\n\n<p class=\"has-text-align-center\">The short access path to the first G\u00f6\u00dffall (approx. 150 metres) is also <strong>accessible and illuminated <\/strong>in winter. Immediately before the first fall, the water arena, with a platform reaching into the water, invites you to linger and marvel.<\/p>\n\n\n                    <\/div>\n\n                    <\/div>\n                <\/div>\n            <\/div>\n\n\n<div style=\"height:60px\" aria-hidden=\"true\" class=\"wp-block-spacer\"><\/div>\n\n\n<div class=\"dp-container medium-width\" style=\"\">\n                <div class=\"grid-container dp-container-inner full-width\" >\n                    <div class=\"grid-x grid-margin-x \">\n                        \n<div class=\"cell dp-col\" style=\"\">\n                        \n\n<figure class=\"wp-block-gallery alignwide has-nested-images columns-3 is-cropped wp-block-gallery-1 is-layout-flex wp-block-gallery-is-layout-flex\">\n<figure class=\"wp-block-image size-large\"><a href=\"https:\/\/www.maltatal.com\/wp-content\/uploads\/maltatal-advent-4.jpg\"><img decoding=\"async\" width=\"1024\" height=\"683\" data-id=\"2833\" src=\"https:\/\/www.maltatal.com\/wp-content\/uploads\/maltatal-advent-4-1024x683.jpg\" alt=\"\" class=\"wp-image-2833\" srcset=\"https:\/\/www.maltatal.com\/wp-content\/uploads\/maltatal-advent-4-1024x683.jpg 1024w, https:\/\/www.maltatal.com\/wp-content\/uploads\/maltatal-advent-4-300x200.jpg 300w, https:\/\/www.maltatal.com\/wp-content\/uploads\/maltatal-advent-4-768x512.jpg 768w, https:\/\/www.maltatal.com\/wp-content\/uploads\/maltatal-advent-4-1536x1024.jpg 1536w, https:\/\/www.maltatal.com\/wp-content\/uploads\/maltatal-advent-4-570x380.jpg 570w, https:\/\/www.maltatal.com\/wp-content\/uploads\/maltatal-advent-4.jpg 1920w\" sizes=\"(max-width: 1024px) 100vw, 1024px\" \/><\/a><\/figure>\n\n\n\n<figure class=\"wp-block-image size-large\"><a href=\"https:\/\/www.maltatal.com\/wp-content\/uploads\/maltatal-advent-2.jpg\"><img decoding=\"async\" width=\"1024\" height=\"683\" data-id=\"2831\" src=\"https:\/\/www.maltatal.com\/wp-content\/uploads\/maltatal-advent-2-1024x683.jpg\" alt=\"\" class=\"wp-image-2831\" srcset=\"https:\/\/www.maltatal.com\/wp-content\/uploads\/maltatal-advent-2-1024x683.jpg 1024w, https:\/\/www.maltatal.com\/wp-content\/uploads\/maltatal-advent-2-300x200.jpg 300w, https:\/\/www.maltatal.com\/wp-content\/uploads\/maltatal-advent-2-768x512.jpg 768w, https:\/\/www.maltatal.com\/wp-content\/uploads\/maltatal-advent-2-1536x1024.jpg 1536w, https:\/\/www.maltatal.com\/wp-content\/uploads\/maltatal-advent-2-570x380.jpg 570w, https:\/\/www.maltatal.com\/wp-content\/uploads\/maltatal-advent-2.jpg 1920w\" sizes=\"(max-width: 1024px) 100vw, 1024px\" \/><\/a><\/figure>\n\n\n\n<figure class=\"wp-block-image size-large\"><a href=\"https:\/\/www.maltatal.com\/wp-content\/uploads\/maltatal-advent-1.jpg\"><img decoding=\"async\" width=\"1024\" height=\"683\" data-id=\"2827\" src=\"https:\/\/www.maltatal.com\/wp-content\/uploads\/maltatal-advent-1-1024x683.jpg\" alt=\"\" class=\"wp-image-2827\" srcset=\"https:\/\/www.maltatal.com\/wp-content\/uploads\/maltatal-advent-1-1024x683.jpg 1024w, https:\/\/www.maltatal.com\/wp-content\/uploads\/maltatal-advent-1-300x200.jpg 300w, https:\/\/www.maltatal.com\/wp-content\/uploads\/maltatal-advent-1-768x512.jpg 768w, https:\/\/www.maltatal.com\/wp-content\/uploads\/maltatal-advent-1-1536x1024.jpg 1536w, https:\/\/www.maltatal.com\/wp-content\/uploads\/maltatal-advent-1-570x380.jpg 570w, https:\/\/www.maltatal.com\/wp-content\/uploads\/maltatal-advent-1.jpg 1920w\" sizes=\"(max-width: 1024px) 100vw, 1024px\" \/><\/a><\/figure>\n<\/figure>\n\n\n                    <\/div>\n\n                    <\/div>\n                <\/div>\n            <\/div>\n\n\n<div style=\"height:60px\" aria-hidden=\"true\" class=\"wp-block-spacer\"><\/div>\n\n\n<div class=\"dp-container medium-width\" style=\"\">\n                <div class=\"grid-container dp-container-inner full-width\" >\n                    <div class=\"grid-x grid-margin-x large-align-middle\">\n                        \n<div class=\"cell medium-6 dp-col\" style=\"\">\n                        \n\n <div class=\"brlbs-cmpnt-container brlbs-cmpnt-content-blocker brlbs-cmpnt-with-individual-styles\" data-borlabs-cookie-content-blocker-id=\"google-maps\" data-borlabs-cookie-content=\"PGlmcmFtZSBzcmM9Imh0dHBzOi8vd3d3Lmdvb2dsZS5jb20vbWFwcy9lbWJlZD9wYj0hMW0xOCExbTEyITFtMyExZDI3MjEuODk4ODg1NjI3ODk0MyEyZDEzLjQ1MTU4MDA3NzAwMDk2OSEzZDQ2Ljk4MzMyMDYzMDgwOTAwNCEybTMhMWYwITJmMCEzZjAhM20yITFpMTAyNCEyaTc2OCE0ZjEzLjEhM20zITFtMiExczB4NDc3MGM5MzY0YWJiOTQ4NyUzQTB4ZTM3MGZhNjVkZTVjYWJiYSEyelVHRnlhM0JzWVhSNklFZkR0c09mWnNPa2JHeGwhNWUwITNtMiExc2RlITJzYXQhNHYxNjk1NzMzODEzNDgwITVtMiExc2RlITJzYXQiIHdpZHRoPSIxMDAlIiBoZWlnaHQ9IjQwMCIgc3R5bGU9ImJvcmRlcjowOyIgYWxsb3dmdWxsc2NyZWVuPSIiIGxvYWRpbmc9ImxhenkiIHJlZmVycmVycG9saWN5PSJuby1yZWZlcnJlci13aGVuLWRvd25ncmFkZSI+PC9pZnJhbWU+\"><div class=\"brlbs-cmpnt-cb-preset-b brlbs-cmpnt-cb-google-maps\"> <div class=\"brlbs-cmpnt-cb-thumbnail\" style=\"background-image: url('https:\/\/www.maltatal.com\/wp-content\/uploads\/borlabs-cookie\/1\/brlbs-cb-google-maps-main.png')\"><\/div> <div class=\"brlbs-cmpnt-cb-main\"> <div class=\"brlbs-cmpnt-cb-content\"> <p class=\"brlbs-cmpnt-cb-description\">You are currently viewing a placeholder content from <strong>Google Maps<\/strong>. To access the actual content, click the button below. Please note that doing so will share data with third-party providers.<\/p> <a class=\"brlbs-cmpnt-cb-provider-toggle\" href=\"#\" data-borlabs-cookie-show-provider-information role=\"button\">More Information<\/a> <\/div> <div class=\"brlbs-cmpnt-cb-buttons\"> <a class=\"brlbs-cmpnt-cb-btn\" href=\"#\" data-borlabs-cookie-unblock role=\"button\">Unblock content<\/a> <a class=\"brlbs-cmpnt-cb-btn\" href=\"#\" data-borlabs-cookie-accept-service role=\"button\" style=\"display: inherit\">Accept required service and unblock content<\/a> <\/div> <\/div> <\/div><\/div>\n\n\n                    <\/div>\n\n<div class=\"cell medium-6 dp-col\" style=\"\">\n                        \n\n<div style=\"height:20px\" aria-hidden=\"true\" class=\"wp-block-spacer\"><\/div>\n\n\n\n<h2 class=\"wp-block-heading\">Where and when?<\/h2>\n\n\n\n<p><strong>Dates<\/strong>: 1st and 3rd Advent weekend (Saturday &amp; Sunday)<br><strong>Time<\/strong>: 2pm &#8211; 7pm<br><strong>Place<\/strong>: G\u00f6ssf\u00e4lle, Koschach 7, 9854 Malta<\/p>\n\n\n\n<ul class=\"wp-block-list\">\n<li>Advent wreath sale<\/li>\n\n\n\n<li>Christmas market with products from local suppliers<\/li>\n\n\n\n<li>Food &amp; drink with Carinthian specialities from our local farmers<\/li>\n\n\n\n<li>Wishing tree for a charitable cause<\/li>\n\n\n\n<li>Christmas musical arrangement<\/li>\n<\/ul>\n\n\n\n<p>Note: Public parking is available on site<\/p>\n\n\n                    <\/div>\n\n                    <\/div>\n                <\/div>\n            <\/div>\n\n\n<div style=\"height:100px\" aria-hidden=\"true\" class=\"wp-block-spacer\"><\/div>\n\n\n<div class=\"dp-container medium-width\" style=\"padding-bottom:2%;\" data-pbl=\"2%\">\n                <div class=\"grid-container dp-container-inner full-width\" >\n                    <div class=\"grid-x grid-margin-x \">\n                        \n<div class=\"cell dp-col\" style=\"\">\n                        \n<h2 class=\"dp-header\">Katschberg Advent Trail<span>Another Advent experience in the region<\/span><\/h2>\n\n                    <\/div>\n\n                    <\/div>\n                <\/div>\n            <\/div>\n\n<div class=\"dp-container medium-width\" style=\"\">\n                <div class=\"grid-container dp-container-inner full-width\" >\n                    <div class=\"grid-x grid-margin-x \">\n                        \n<div class=\"cell dp-col\" style=\"\">\n                        \n\n<p class=\"has-text-align-center\">High up in the mountains, in the midst of untouched nature, an <strong>Advent magic<\/strong> awaits you <strong>far away from kitsch and commerce<\/strong> &#8211; the Katschberg Advent Trail! Let yourself be whisked away to a Christmas like back then\u2026<\/p>\n\n\n\n<p class=\"has-text-align-center\">Hike through a <strong>snow-covered winter landscape<\/strong> from one hay barn to the next. Along the way, alphorns and brass bands set the mood for Christmas. Listen to the most beautiful Advent songs in the singing hut and let yourself be enchanted by contemplative stories in the hut of stories. Look into the many shining eyes of children as they make teddy bears with angels. Let yourself be carried away into a magical pre-Christmas season.<\/p>\n\n\n\n<p class=\"has-text-align-center\">The <strong>countless lanterns<\/strong> along the path contribute their share and create a feeling of pleasant warmth with the delicate light in the snow. The numerous tea stations along the way provide inner warmth.<\/p>\n\n\n\n<div style=\"height:60px\" aria-hidden=\"true\" class=\"wp-block-spacer\"><\/div>\n\n\n\n<div class=\"wp-block-buttons is-content-justification-center is-layout-flex wp-container-core-buttons-is-layout-16018d1d wp-block-buttons-is-layout-flex\">\n<div class=\"wp-block-button\"><a class=\"wp-block-button__link has-white-color has-text-color has-background wp-element-button\" href=\"https:\/\/www.katschberg.at\/en\/advent-trail.html\" style=\"border-radius:0px;background-color:#003858\" target=\"_blank\" rel=\"noopener\">Katschberg Advent Trail<\/a><\/div>\n<\/div>\n\n\n                    <\/div>\n\n                    <\/div>\n                <\/div>\n            <\/div>","protected":false},"excerpt":{"rendered":"","protected":false},"author":8,"featured_media":2830,"parent":1246,"menu_order":4,"comment_status":"closed","ping_status":"closed","template":"","meta":{"_genesis_hide_title":false,"_genesis_hide_breadcrumbs":false,"_genesis_hide_singular_image":false,"_genesis_hide_footer_widgets":false,"_genesis_custom_body_class":"","_genesis_custom_post_class":"","_genesis_layout":"","footnotes":""},"class_list":{"0":"post-2884","1":"page","2":"type-page","3":"status-publish","4":"has-post-thumbnail","6":"entry"},"_links":{"self":[{"href":"https:\/\/www.maltatal.com\/en\/wp-json\/wp\/v2\/pages\/2884","targetHints":{"allow":["GET"]}}],"collection":[{"href":"https:\/\/www.maltatal.com\/en\/wp-json\/wp\/v2\/pages"}],"about":[{"href":"https:\/\/www.maltatal.com\/en\/wp-json\/wp\/v2\/types\/page"}],"author":[{"embeddable":true,"href":"https:\/\/www.maltatal.com\/en\/wp-json\/wp\/v2\/users\/8"}],"replies":[{"embeddable":true,"href":"https:\/\/www.maltatal.com\/en\/wp-json\/wp\/v2\/comments?post=2884"}],"version-history":[{"count":2,"href":"https:\/\/www.maltatal.com\/en\/wp-json\/wp\/v2\/pages\/2884\/revisions"}],"predecessor-version":[{"id":3247,"href":"https:\/\/www.maltatal.com\/en\/wp-json\/wp\/v2\/pages\/2884\/revisions\/3247"}],"up":[{"embeddable":true,"href":"https:\/\/www.maltatal.com\/en\/wp-json\/wp\/v2\/pages\/1246"}],"wp:featuredmedia":[{"embeddable":true,"href":"https:\/\/www.maltatal.com\/en\/wp-json\/wp\/v2\/media\/2830"}],"wp:attachment":[{"href":"https:\/\/www.maltatal.com\/en\/wp-json\/wp\/v2\/media?parent=2884"}],"curies":[{"name":"wp","href":"https:\/\/api.w.org\/{rel}","templated":true}]}}